{"id":7161,"date":"2022-02-09T13:19:33","date_gmt":"2022-02-09T13:19:33","guid":{"rendered":"http:\/\/192.0.54.7\/www.msolafrica?page_id=7161"},"modified":"2022-03-16T08:01:58","modified_gmt":"2022-03-16T08:01:58","slug":"sante-et-travail-social","status":"publish","type":"page","link":"https:\/\/www.msolafrica.org\/fr\/sante-et-travail-social\/","title":{"rendered":"Sant\u00e9 et travail social"},"content":{"rendered":"\t\t<div data-elementor-type=\"wp-page\" data-elementor-id=\"7161\" class=\"elementor elementor-7161 elementor-6993\">\n\t\t\t\t\t\t\t\t\t<section class=\"elementor-section elementor-top-section elementor-element elementor-element-83a16f3 elementor-section-boxed elementor-section-height-default elementor-section-height-default\" data-id=\"83a16f3\" data-element_type=\"section\">\n\t\t\t\t\t\t<div class=\"elementor-container elementor-column-gap-default\">\n\t\t\t\t\t<div class=\"elementor-column elementor-col-100 elementor-top-column elementor-element elementor-element-a9cb6e4\" data-id=\"a9cb6e4\" data-element_type=\"column\">\n\t\t\t<div class=\"elementor-widget-wrap elementor-element-populated\">\n\t\t\t\t\t\t\t\t<div class=\"elementor-element elementor-element-7b5bb8a elementor-headline--style-highlight elementor-widget elementor-widget-animated-headline\" data-id=\"7b5bb8a\" data-element_type=\"widget\" data-settings=\"{&quot;marker&quot;:&quot;underline&quot;,&quot;highlighted_text&quot;:&quot;Sant\\u00e9 et travail social&quot;,&quot;headline_style&quot;:&quot;highlight&quot;,&quot;loop&quot;:&quot;yes&quot;,&quot;highlight_animation_duration&quot;:1200,&quot;highlight_iteration_delay&quot;:8000}\" data-widget_type=\"animated-headline.default\">\n\t\t\t\t<div class=\"elementor-widget-container\">\n\t\t\t\t\t<span class=\"elementor-headline\">\n\t\t\t\t<span class=\"elementor-headline-dynamic-wrapper elementor-headline-text-wrapper\">\n\t\t\t\t\t<span class=\"elementor-headline-dynamic-text elementor-headline-text-active\">Sant\u00e9 et travail social<\/span>\n\t\t\t\t<\/span>\n\t\t\t\t<\/span>\n\t\t\t\t<\/div>\n\t\t\t\t<\/div>\n\t\t\t\t\t<\/div>\n\t\t<\/div>\n\t\t\t\t\t\t\t<\/div>\n\t\t<\/section>\n\t\t\t\t<section class=\"elementor-section elementor-top-section elementor-element elementor-element-ef820e4 elementor-section-stretched elementor-section-boxed elementor-section-height-default elementor-section-height-default\" data-id=\"ef820e4\" data-element_type=\"section\" data-settings=\"{&quot;stretch_section&quot;:&quot;section-stretched&quot;,&quot;background_background&quot;:&quot;classic&quot;}\">\n\t\t\t\t\t\t\t<div class=\"elementor-background-overlay\"><\/div>\n\t\t\t\t\t\t\t<div class=\"elementor-container elementor-column-gap-default\">\n\t\t\t\t\t<div class=\"elementor-column elementor-col-100 elementor-top-column elementor-element elementor-element-297b220 animated-slow elementor-invisible\" data-id=\"297b220\" data-element_type=\"column\" data-settings=\"{&quot;motion_fx_motion_fx_scrolling&quot;:&quot;yes&quot;,&quot;motion_fx_translateY_effect&quot;:&quot;yes&quot;,&quot;motion_fx_translateY_speed&quot;:{&quot;unit&quot;:&quot;px&quot;,&quot;size&quot;:2.3,&quot;sizes&quot;:[]},&quot;animation&quot;:&quot;bounceInUp&quot;,&quot;animation_delay&quot;:1100,&quot;motion_fx_translateY_affectedRange&quot;:{&quot;unit&quot;:&quot;%&quot;,&quot;size&quot;:&quot;&quot;,&quot;sizes&quot;:{&quot;start&quot;:0,&quot;end&quot;:100}},&quot;motion_fx_devices&quot;:[&quot;desktop&quot;,&quot;tablet&quot;,&quot;mobile&quot;]}\">\n\t\t\t<div class=\"elementor-widget-wrap elementor-element-populated\">\n\t\t\t\t\t\t\t\t<div class=\"elementor-element elementor-element-27e913c elementor-grid-4 elementor-grid-tablet-2 elementor-grid-mobile-1 elementor-posts--thumbnail-top elementor-card-shadow-yes elementor-posts__hover-gradient load-more-align-center elementor-invisible elementor-widget elementor-widget-posts\" data-id=\"27e913c\" data-element_type=\"widget\" data-settings=\"{&quot;cards_columns&quot;:&quot;4&quot;,&quot;pagination_type&quot;:&quot;load_more_on_click&quot;,&quot;_animation&quot;:&quot;fadeInUp&quot;,&quot;cards_columns_tablet&quot;:&quot;2&quot;,&quot;cards_columns_mobile&quot;:&quot;1&quot;,&quot;cards_row_gap&quot;:{&quot;unit&quot;:&quot;px&quot;,&quot;size&quot;:35,&quot;sizes&quot;:[]},&quot;cards_row_gap_tablet&quot;:{&quot;unit&quot;:&quot;px&quot;,&quot;size&quot;:&quot;&quot;,&quot;sizes&quot;:[]},&quot;cards_row_gap_mobile&quot;:{&quot;unit&quot;:&quot;px&quot;,&quot;size&quot;:&quot;&quot;,&quot;sizes&quot;:[]},&quot;load_more_spinner&quot;:{&quot;value&quot;:&quot;fas fa-spinner&quot;,&quot;library&quot;:&quot;fa-solid&quot;}}\" data-widget_type=\"posts.cards\">\n\t\t\t\t<div class=\"elementor-widget-container\">\n\t\t\t\t\t<div class=\"elementor-posts-container elementor-posts elementor-posts--skin-cards elementor-grid\">\n\t\t\t\t<article class=\"elementor-post elementor-grid-item post-39004 post type-post status-publish format-standard has-post-thumbnail category-actualites category-femmes-avec-les-femmes category-justice-et-paix-fr category-sante category-spiritualite-ignatienne tag-missionnaires-en-afrique tag-smnda tag-soeurs-blanches-fr tag-soeurs-en-afrique-fr tag-soeurs-missionnaires-de-notre-dame-dafrique\">\n\t\t\t<div class=\"elementor-post__card\">\n\t\t\t\t<a class=\"elementor-post__thumbnail__link\" href=\"https:\/\/www.msolafrica.org\/fr\/2026\/03\/27\/lamour-pour-les-pauvres-et-la-realite-de-la-vie\/\" ><div class=\"elementor-post__thumbnail\"><img loading=\"lazy\" decoding=\"async\" width=\"800\" height=\"490\" src=\"https:\/\/www.msolafrica.org\/wp-content\/uploads\/2026\/03\/nairobi.jpg\" class=\"attachment-large size-large wp-image-39001\" alt=\"\" srcset=\"https:\/\/www.msolafrica.org\/wp-content\/uploads\/2026\/03\/nairobi.jpg 977w, https:\/\/www.msolafrica.org\/wp-content\/uploads\/2026\/03\/nairobi-300x184.jpg 300w, https:\/\/www.msolafrica.org\/wp-content\/uploads\/2026\/03\/nairobi-768x471.jpg 768w\" sizes=\"auto, (max-width: 800px) 100vw, 800px\" \/><\/div><\/a>\n\t\t\t\t<div class=\"elementor-post__text\">\n\t\t\t\t<p class=\"elementor-post__title\">\n\t\t\t<a href=\"https:\/\/www.msolafrica.org\/fr\/2026\/03\/27\/lamour-pour-les-pauvres-et-la-realite-de-la-vie\/\" >\n\t\t\t\tL\u2019amour pour les pauvres et la r\u00e9alit\u00e9 de la vie\t\t\t<\/a>\n\t\t<\/p>\n\t\t\t\t<\/div>\n\t\t\t\t\t<\/div>\n\t\t<\/article>\n\t\t\t\t<article class=\"elementor-post elementor-grid-item post-38059 post type-post status-publish format-standard has-post-thumbnail category-actualites category-education-fr category-sante tag-smnda tag-soeurs-blanches-fr tag-soeurs-en-afrique-fr tag-soeurs-missionnaires-de-notre-dame-dafrique\">\n\t\t\t<div class=\"elementor-post__card\">\n\t\t\t\t<a class=\"elementor-post__thumbnail__link\" href=\"https:\/\/www.msolafrica.org\/fr\/2025\/11\/06\/bien-etre-mental-favoriser-une-vie-religieuse-joyeuse-et-saine\/\" ><div class=\"elementor-post__thumbnail\"><img loading=\"lazy\" decoding=\"async\" width=\"800\" height=\"566\" src=\"https:\/\/www.msolafrica.org\/wp-content\/uploads\/2025\/10\/mental-1024x724.jpg\" class=\"attachment-large size-large wp-image-38057\" alt=\"\" srcset=\"https:\/\/www.msolafrica.org\/wp-content\/uploads\/2025\/10\/mental-1024x724.jpg 1024w, https:\/\/www.msolafrica.org\/wp-content\/uploads\/2025\/10\/mental-300x212.jpg 300w, https:\/\/www.msolafrica.org\/wp-content\/uploads\/2025\/10\/mental-768x543.jpg 768w, https:\/\/www.msolafrica.org\/wp-content\/uploads\/2025\/10\/mental-1536x1086.jpg 1536w, https:\/\/www.msolafrica.org\/wp-content\/uploads\/2025\/10\/mental-2048x1448.jpg 2048w\" sizes=\"auto, (max-width: 800px) 100vw, 800px\" \/><\/div><\/a>\n\t\t\t\t<div class=\"elementor-post__text\">\n\t\t\t\t<p class=\"elementor-post__title\">\n\t\t\t<a href=\"https:\/\/www.msolafrica.org\/fr\/2025\/11\/06\/bien-etre-mental-favoriser-une-vie-religieuse-joyeuse-et-saine\/\" >\n\t\t\t\tBien-\u00eatre mental\u00a0: favoriser une vie religieuse joyeuse et saine\t\t\t<\/a>\n\t\t<\/p>\n\t\t\t\t<\/div>\n\t\t\t\t\t<\/div>\n\t\t<\/article>\n\t\t\t\t<article class=\"elementor-post elementor-grid-item post-32945 post type-post status-publish format-standard has-post-thumbnail category-actualites category-femmes-avec-les-femmes category-sante tag-missionnaires-en-afrique tag-smnda tag-soeurs-blanches-fr tag-soeurs-en-afrique-fr tag-soeurs-missionnaires-de-notre-dame-dafrique\">\n\t\t\t<div class=\"elementor-post__card\">\n\t\t\t\t<a class=\"elementor-post__thumbnail__link\" href=\"https:\/\/www.msolafrica.org\/fr\/2025\/04\/07\/un-don-precieux-pour-notre-centre-de-sante-de-deli\/\" ><div class=\"elementor-post__thumbnail\"><img loading=\"lazy\" decoding=\"async\" width=\"530\" height=\"284\" src=\"https:\/\/www.msolafrica.org\/wp-content\/uploads\/2025\/03\/deli4.png\" class=\"attachment-large size-large wp-image-32942\" alt=\"\" srcset=\"https:\/\/www.msolafrica.org\/wp-content\/uploads\/2025\/03\/deli4.png 530w, https:\/\/www.msolafrica.org\/wp-content\/uploads\/2025\/03\/deli4-300x161.png 300w\" sizes=\"auto, (max-width: 530px) 100vw, 530px\" \/><\/div><\/a>\n\t\t\t\t<div class=\"elementor-post__text\">\n\t\t\t\t<p class=\"elementor-post__title\">\n\t\t\t<a href=\"https:\/\/www.msolafrica.org\/fr\/2025\/04\/07\/un-don-precieux-pour-notre-centre-de-sante-de-deli\/\" >\n\t\t\t\tUn don pr\u00e9cieux pour notre Centre de sant\u00e9 de Deli\t\t\t<\/a>\n\t\t<\/p>\n\t\t\t\t<\/div>\n\t\t\t\t\t<\/div>\n\t\t<\/article>\n\t\t\t\t<article class=\"elementor-post elementor-grid-item post-26883 post type-post status-publish format-standard has-post-thumbnail category-actualites category-sante tag-smnda\">\n\t\t\t<div class=\"elementor-post__card\">\n\t\t\t\t<a class=\"elementor-post__thumbnail__link\" href=\"https:\/\/www.msolafrica.org\/fr\/2024\/08\/16\/maison-de-la-generosite\/\" ><div class=\"elementor-post__thumbnail\"><img loading=\"lazy\" decoding=\"async\" width=\"800\" height=\"532\" src=\"https:\/\/www.msolafrica.org\/wp-content\/uploads\/2024\/08\/close-up-friends-holding-hands.jpg\" class=\"attachment-large size-large wp-image-26878\" alt=\"\" srcset=\"https:\/\/www.msolafrica.org\/wp-content\/uploads\/2024\/08\/close-up-friends-holding-hands.jpg 907w, https:\/\/www.msolafrica.org\/wp-content\/uploads\/2024\/08\/close-up-friends-holding-hands-300x199.jpg 300w, https:\/\/www.msolafrica.org\/wp-content\/uploads\/2024\/08\/close-up-friends-holding-hands-768x511.jpg 768w\" sizes=\"auto, (max-width: 800px) 100vw, 800px\" \/><\/div><\/a>\n\t\t\t\t<div class=\"elementor-post__text\">\n\t\t\t\t<p class=\"elementor-post__title\">\n\t\t\t<a href=\"https:\/\/www.msolafrica.org\/fr\/2024\/08\/16\/maison-de-la-generosite\/\" >\n\t\t\t\t\u00ab Maison de la G\u00e9n\u00e9rosit\u00e9 \u00bb\t\t\t<\/a>\n\t\t<\/p>\n\t\t\t\t<\/div>\n\t\t\t\t\t<\/div>\n\t\t<\/article>\n\t\t\t\t<article class=\"elementor-post elementor-grid-item post-26803 post type-post status-publish format-standard has-post-thumbnail category-actualites category-sante tag-missionaries-in-africa tag-sisters-in-africa tag-smnda\">\n\t\t\t<div class=\"elementor-post__card\">\n\t\t\t\t<a class=\"elementor-post__thumbnail__link\" href=\"https:\/\/www.msolafrica.org\/fr\/2024\/07\/29\/mois-de-visitation\/\" ><div class=\"elementor-post__thumbnail\"><img loading=\"lazy\" decoding=\"async\" width=\"800\" height=\"566\" src=\"https:\/\/www.msolafrica.org\/wp-content\/uploads\/2024\/07\/yaniz-1024x724.png\" class=\"attachment-large size-large wp-image-26800\" alt=\"\" srcset=\"https:\/\/www.msolafrica.org\/wp-content\/uploads\/2024\/07\/yaniz-1024x724.png 1024w, https:\/\/www.msolafrica.org\/wp-content\/uploads\/2024\/07\/yaniz-300x212.png 300w, https:\/\/www.msolafrica.org\/wp-content\/uploads\/2024\/07\/yaniz-768x543.png 768w, https:\/\/www.msolafrica.org\/wp-content\/uploads\/2024\/07\/yaniz-1536x1086.png 1536w, https:\/\/www.msolafrica.org\/wp-content\/uploads\/2024\/07\/yaniz-2048x1448.png 2048w\" sizes=\"auto, (max-width: 800px) 100vw, 800px\" \/><\/div><\/a>\n\t\t\t\t<div class=\"elementor-post__text\">\n\t\t\t\t<p class=\"elementor-post__title\">\n\t\t\t<a href=\"https:\/\/www.msolafrica.org\/fr\/2024\/07\/29\/mois-de-visitation\/\" >\n\t\t\t\tMois de visitation\t\t\t<\/a>\n\t\t<\/p>\n\t\t\t\t<\/div>\n\t\t\t\t\t<\/div>\n\t\t<\/article>\n\t\t\t\t<article class=\"elementor-post elementor-grid-item post-25753 post type-post status-publish format-standard has-post-thumbnail category-actualites category-sante tag-missionaries-in-africa tag-smnda\">\n\t\t\t<div class=\"elementor-post__card\">\n\t\t\t\t<a class=\"elementor-post__thumbnail__link\" href=\"https:\/\/www.msolafrica.org\/fr\/2024\/05\/06\/nos-activites-apostoliques-au-rwanda\/\" ><div class=\"elementor-post__thumbnail\"><img loading=\"lazy\" decoding=\"async\" width=\"800\" height=\"600\" src=\"https:\/\/www.msolafrica.org\/wp-content\/uploads\/2024\/04\/apostolate-1-1024x768.jpg\" class=\"attachment-large size-large wp-image-25750\" alt=\"\" srcset=\"https:\/\/www.msolafrica.org\/wp-content\/uploads\/2024\/04\/apostolate-1-1024x768.jpg 1024w, https:\/\/www.msolafrica.org\/wp-content\/uploads\/2024\/04\/apostolate-1-300x225.jpg 300w, https:\/\/www.msolafrica.org\/wp-content\/uploads\/2024\/04\/apostolate-1-768x576.jpg 768w, https:\/\/www.msolafrica.org\/wp-content\/uploads\/2024\/04\/apostolate-1.jpg 1152w\" sizes=\"auto, (max-width: 800px) 100vw, 800px\" \/><\/div><\/a>\n\t\t\t\t<div class=\"elementor-post__text\">\n\t\t\t\t<p class=\"elementor-post__title\">\n\t\t\t<a href=\"https:\/\/www.msolafrica.org\/fr\/2024\/05\/06\/nos-activites-apostoliques-au-rwanda\/\" >\n\t\t\t\tNos activit\u00e9s apostoliques au Rwanda\t\t\t<\/a>\n\t\t<\/p>\n\t\t\t\t<\/div>\n\t\t\t\t\t<\/div>\n\t\t<\/article>\n\t\t\t\t<article class=\"elementor-post elementor-grid-item post-25366 post type-post status-publish format-standard has-post-thumbnail category-actualites category-sante tag-smnda\">\n\t\t\t<div class=\"elementor-post__card\">\n\t\t\t\t<a class=\"elementor-post__thumbnail__link\" href=\"https:\/\/www.msolafrica.org\/fr\/2024\/02\/26\/vivre-jpic-rd-au-noviciat\/\" ><div class=\"elementor-post__thumbnail\"><img loading=\"lazy\" decoding=\"async\" width=\"800\" height=\"566\" src=\"https:\/\/www.msolafrica.org\/wp-content\/uploads\/2024\/02\/bobo-1024x724.jpg\" class=\"attachment-large size-large wp-image-25381\" alt=\"\" srcset=\"https:\/\/www.msolafrica.org\/wp-content\/uploads\/2024\/02\/bobo-1024x724.jpg 1024w, https:\/\/www.msolafrica.org\/wp-content\/uploads\/2024\/02\/bobo-300x212.jpg 300w, https:\/\/www.msolafrica.org\/wp-content\/uploads\/2024\/02\/bobo-768x543.jpg 768w, https:\/\/www.msolafrica.org\/wp-content\/uploads\/2024\/02\/bobo-1536x1086.jpg 1536w, https:\/\/www.msolafrica.org\/wp-content\/uploads\/2024\/02\/bobo-2048x1448.jpg 2048w\" sizes=\"auto, (max-width: 800px) 100vw, 800px\" \/><\/div><\/a>\n\t\t\t\t<div class=\"elementor-post__text\">\n\t\t\t\t<p class=\"elementor-post__title\">\n\t\t\t<a href=\"https:\/\/www.msolafrica.org\/fr\/2024\/02\/26\/vivre-jpic-rd-au-noviciat\/\" >\n\t\t\t\tVivre JPIC RD au Noviciat\t\t\t<\/a>\n\t\t<\/p>\n\t\t\t\t<\/div>\n\t\t\t\t\t<\/div>\n\t\t<\/article>\n\t\t\t\t<article class=\"elementor-post elementor-grid-item post-24547 post type-post status-publish format-standard has-post-thumbnail category-actualites category-sante tag-smnda\">\n\t\t\t<div class=\"elementor-post__card\">\n\t\t\t\t<a class=\"elementor-post__thumbnail__link\" href=\"https:\/\/www.msolafrica.org\/fr\/2023\/12\/18\/entouree-de-sourires\/\" ><div class=\"elementor-post__thumbnail\"><img loading=\"lazy\" decoding=\"async\" width=\"427\" height=\"321\" src=\"https:\/\/www.msolafrica.org\/wp-content\/uploads\/2023\/12\/belgium-3.png\" class=\"attachment-large size-large wp-image-24552\" alt=\"\" srcset=\"https:\/\/www.msolafrica.org\/wp-content\/uploads\/2023\/12\/belgium-3.png 427w, https:\/\/www.msolafrica.org\/wp-content\/uploads\/2023\/12\/belgium-3-300x226.png 300w\" sizes=\"auto, (max-width: 427px) 100vw, 427px\" \/><\/div><\/a>\n\t\t\t\t<div class=\"elementor-post__text\">\n\t\t\t\t<p class=\"elementor-post__title\">\n\t\t\t<a href=\"https:\/\/www.msolafrica.org\/fr\/2023\/12\/18\/entouree-de-sourires\/\" >\n\t\t\t\tEntour\u00e9e de sourires\t\t\t<\/a>\n\t\t<\/p>\n\t\t\t\t<\/div>\n\t\t\t\t\t<\/div>\n\t\t<\/article>\n\t\t\t\t<\/div>\n\t\t\t\t\t<span class=\"e-load-more-spinner\">\n\t\t\t\t<i aria-hidden=\"true\" class=\"fas fa-spinner\"><\/i>\t\t\t<\/span>\n\t\t\n\t\t\t\t<div class=\"e-load-more-anchor\" data-page=\"1\" data-max-page=\"2\" data-next-page=\"https:\/\/www.msolafrica.org\/fr\/wp-json\/wp\/v2\/pages\/7161\/page\/2\/\"><\/div>\n\t\t\t\t<div class=\"elementor-button-wrapper\">\n\t\t\t<a href=\"#\" class=\"elementor-button-link elementor-button\" role=\"button\">\n\t\t\t\t\t\t<span class=\"elementor-button-content-wrapper\">\n\t\t\t\t\t\t<span class=\"elementor-button-text\">Charger plus<\/span>\n\t\t<\/span>\n\t\t\t\t\t<\/a>\n\t\t<\/div>\n\t\t\t\t<div class=\"e-load-more-message\"><\/div>\n\t\t\t\t<\/div>\n\t\t\t\t<\/div>\n\t\t\t\t\t<\/div>\n\t\t<\/div>\n\t\t\t\t\t\t\t<\/div>\n\t\t<\/section>\n\t\t\t\t\t\t\t<\/div>\n\t\t","protected":false},"excerpt":{"rendered":"<p>Sant\u00e9 et travail social<\/p>\n","protected":false},"author":4,"featured_media":0,"parent":0,"menu_order":0,"comment_status":"closed","ping_status":"closed","template":"","meta":{"_uag_custom_page_level_css":"","footnotes":""},"class_list":["post-7161","page","type-page","status-publish"],"yoast_head":"<!-- This site is optimized with the Yoast SEO plugin v21.0 - https:\/\/yoast.com\/wordpress\/plugins\/seo\/ -->\n<title>Sant\u00e9 et travail social - S\u0153urs Missionaires de Notre Dame d&#039;Afrique<\/title>\n<meta name=\"robots\" content=\"index, follow, max-snippet:-1, max-image-preview:large, max-video-preview:-1\" \/>\n<link rel=\"canonical\" href=\"https:\/\/www.msolafrica.org\/fr\/sante-et-travail-social\/\" \/>\n<meta property=\"og:locale\" content=\"fr_FR\" \/>\n<meta property=\"og:type\" content=\"article\" \/>\n<meta property=\"og:title\" content=\"Sant\u00e9 et travail social - S\u0153urs Missionaires de Notre Dame d&#039;Afrique\" \/>\n<meta property=\"og:description\" content=\"Sant\u00e9 et travail social\" \/>\n<meta property=\"og:url\" content=\"https:\/\/www.msolafrica.org\/fr\/sante-et-travail-social\/\" \/>\n<meta property=\"og:site_name\" content=\"S\u0153urs Missionaires de Notre Dame d&#039;Afrique\" \/>\n<meta property=\"article:publisher\" content=\"https:\/\/www.facebook.com\/missionnary.sisters\" \/>\n<meta property=\"article:modified_time\" content=\"2022-03-16T08:01:58+00:00\" \/>\n<meta property=\"og:image\" content=\"https:\/\/www.msolafrica.org\/wp-content\/uploads\/2021\/09\/logo_english.png\" \/>\n\t<meta property=\"og:image:width\" content=\"3508\" \/>\n\t<meta property=\"og:image:height\" content=\"2481\" \/>\n\t<meta property=\"og:image:type\" content=\"image\/png\" \/>\n<meta name=\"twitter:card\" content=\"summary_large_image\" \/>\n<script type=\"application\/ld+json\" class=\"yoast-schema-graph\">{\"@context\":\"https:\/\/schema.org\",\"@graph\":[{\"@type\":\"WebPage\",\"@id\":\"https:\/\/www.msolafrica.org\/fr\/sante-et-travail-social\/\",\"url\":\"https:\/\/www.msolafrica.org\/fr\/sante-et-travail-social\/\",\"name\":\"Sant\u00e9 et travail social - S\u0153urs Missionaires de Notre Dame d&#039;Afrique\",\"isPartOf\":{\"@id\":\"https:\/\/www.msolafrica.org\/#website\"},\"datePublished\":\"2022-02-09T13:19:33+00:00\",\"dateModified\":\"2022-03-16T08:01:58+00:00\",\"breadcrumb\":{\"@id\":\"https:\/\/www.msolafrica.org\/fr\/sante-et-travail-social\/#breadcrumb\"},\"inLanguage\":\"fr-FR\",\"potentialAction\":[{\"@type\":\"ReadAction\",\"target\":[\"https:\/\/www.msolafrica.org\/fr\/sante-et-travail-social\/\"]}]},{\"@type\":\"BreadcrumbList\",\"@id\":\"https:\/\/www.msolafrica.org\/fr\/sante-et-travail-social\/#breadcrumb\",\"itemListElement\":[{\"@type\":\"ListItem\",\"position\":1,\"name\":\"Home\",\"item\":\"https:\/\/www.msolafrica.org\/\"},{\"@type\":\"ListItem\",\"position\":2,\"name\":\"Sant\u00e9 et travail social\"}]},{\"@type\":\"WebSite\",\"@id\":\"https:\/\/www.msolafrica.org\/#website\",\"url\":\"https:\/\/www.msolafrica.org\/\",\"name\":\"S\u0153urs Missionaires de Notre Dame d&#039;Afrique\",\"description\":\"Site institutionnel des S\u0153urs Missionnaires de Notre Dame d&#039;Afrique S\u0153urs Blanches SMNDA - Institutional site of the Missionary Sisters of Our Lady of Africa White Sisters MSOLA\",\"publisher\":{\"@id\":\"https:\/\/www.msolafrica.org\/#organization\"},\"potentialAction\":[{\"@type\":\"SearchAction\",\"target\":{\"@type\":\"EntryPoint\",\"urlTemplate\":\"https:\/\/www.msolafrica.org\/?s={search_term_string}\"},\"query-input\":\"required name=search_term_string\"}],\"inLanguage\":\"fr-FR\"},{\"@type\":\"Organization\",\"@id\":\"https:\/\/www.msolafrica.org\/#organization\",\"name\":\"S\u0153urs Missionaires de Notre Dame d&#039;Afrique\",\"url\":\"https:\/\/www.msolafrica.org\/\",\"logo\":{\"@type\":\"ImageObject\",\"inLanguage\":\"fr-FR\",\"@id\":\"https:\/\/www.msolafrica.org\/#\/schema\/logo\/image\/\",\"url\":\"https:\/\/www.msolafrica.org\/wp-content\/uploads\/2021\/09\/logo_english.png\",\"contentUrl\":\"https:\/\/www.msolafrica.org\/wp-content\/uploads\/2021\/09\/logo_english.png\",\"width\":3508,\"height\":2481,\"caption\":\"S\u0153urs Missionaires de Notre Dame d&#039;Afrique\"},\"image\":{\"@id\":\"https:\/\/www.msolafrica.org\/#\/schema\/logo\/image\/\"},\"sameAs\":[\"https:\/\/www.facebook.com\/missionnary.sisters\"]}]}<\/script>\n<!-- \/ Yoast SEO plugin. -->","yoast_head_json":{"title":"Sant\u00e9 et travail social - S\u0153urs Missionaires de Notre Dame d&#039;Afrique","robots":{"index":"index","follow":"follow","max-snippet":"max-snippet:-1","max-image-preview":"max-image-preview:large","max-video-preview":"max-video-preview:-1"},"canonical":"https:\/\/www.msolafrica.org\/fr\/sante-et-travail-social\/","og_locale":"fr_FR","og_type":"article","og_title":"Sant\u00e9 et travail social - S\u0153urs Missionaires de Notre Dame d&#039;Afrique","og_description":"Sant\u00e9 et travail social","og_url":"https:\/\/www.msolafrica.org\/fr\/sante-et-travail-social\/","og_site_name":"S\u0153urs Missionaires de Notre Dame d&#039;Afrique","article_publisher":"https:\/\/www.facebook.com\/missionnary.sisters","article_modified_time":"2022-03-16T08:01:58+00:00","og_image":[{"width":3508,"height":2481,"url":"https:\/\/www.msolafrica.org\/wp-content\/uploads\/2021\/09\/logo_english.png","type":"image\/png"}],"twitter_card":"summary_large_image","schema":{"@context":"https:\/\/schema.org","@graph":[{"@type":"WebPage","@id":"https:\/\/www.msolafrica.org\/fr\/sante-et-travail-social\/","url":"https:\/\/www.msolafrica.org\/fr\/sante-et-travail-social\/","name":"Sant\u00e9 et travail social - S\u0153urs Missionaires de Notre Dame d&#039;Afrique","isPartOf":{"@id":"https:\/\/www.msolafrica.org\/#website"},"datePublished":"2022-02-09T13:19:33+00:00","dateModified":"2022-03-16T08:01:58+00:00","breadcrumb":{"@id":"https:\/\/www.msolafrica.org\/fr\/sante-et-travail-social\/#breadcrumb"},"inLanguage":"fr-FR","potentialAction":[{"@type":"ReadAction","target":["https:\/\/www.msolafrica.org\/fr\/sante-et-travail-social\/"]}]},{"@type":"BreadcrumbList","@id":"https:\/\/www.msolafrica.org\/fr\/sante-et-travail-social\/#breadcrumb","itemListElement":[{"@type":"ListItem","position":1,"name":"Home","item":"https:\/\/www.msolafrica.org\/"},{"@type":"ListItem","position":2,"name":"Sant\u00e9 et travail social"}]},{"@type":"WebSite","@id":"https:\/\/www.msolafrica.org\/#website","url":"https:\/\/www.msolafrica.org\/","name":"S\u0153urs Missionaires de Notre Dame d&#039;Afrique","description":"Site institutionnel des S\u0153urs Missionnaires de Notre Dame d&#039;Afrique S\u0153urs Blanches SMNDA - Institutional site of the Missionary Sisters of Our Lady of Africa White Sisters MSOLA","publisher":{"@id":"https:\/\/www.msolafrica.org\/#organization"},"potentialAction":[{"@type":"SearchAction","target":{"@type":"EntryPoint","urlTemplate":"https:\/\/www.msolafrica.org\/?s={search_term_string}"},"query-input":"required name=search_term_string"}],"inLanguage":"fr-FR"},{"@type":"Organization","@id":"https:\/\/www.msolafrica.org\/#organization","name":"S\u0153urs Missionaires de Notre Dame d&#039;Afrique","url":"https:\/\/www.msolafrica.org\/","logo":{"@type":"ImageObject","inLanguage":"fr-FR","@id":"https:\/\/www.msolafrica.org\/#\/schema\/logo\/image\/","url":"https:\/\/www.msolafrica.org\/wp-content\/uploads\/2021\/09\/logo_english.png","contentUrl":"https:\/\/www.msolafrica.org\/wp-content\/uploads\/2021\/09\/logo_english.png","width":3508,"height":2481,"caption":"S\u0153urs Missionaires de Notre Dame d&#039;Afrique"},"image":{"@id":"https:\/\/www.msolafrica.org\/#\/schema\/logo\/image\/"},"sameAs":["https:\/\/www.facebook.com\/missionnary.sisters"]}]}},"uagb_featured_image_src":{"full":false,"thumbnail":false,"medium":false,"medium_large":false,"large":false,"1536x1536":false,"2048x2048":false},"uagb_author_info":{"display_name":"Alessandra Ferri","author_link":"https:\/\/www.msolafrica.org\/fr\/author\/aferrihotmail-com\/"},"uagb_comment_info":0,"uagb_excerpt":"Sant\u00e9 et travail social","_links":{"self":[{"href":"https:\/\/www.msolafrica.org\/fr\/wp-json\/wp\/v2\/pages\/7161","targetHints":{"allow":["GET"]}}],"collection":[{"href":"https:\/\/www.msolafrica.org\/fr\/wp-json\/wp\/v2\/pages"}],"about":[{"href":"https:\/\/www.msolafrica.org\/fr\/wp-json\/wp\/v2\/types\/page"}],"author":[{"embeddable":true,"href":"https:\/\/www.msolafrica.org\/fr\/wp-json\/wp\/v2\/users\/4"}],"replies":[{"embeddable":true,"href":"https:\/\/www.msolafrica.org\/fr\/wp-json\/wp\/v2\/comments?post=7161"}],"version-history":[{"count":0,"href":"https:\/\/www.msolafrica.org\/fr\/wp-json\/wp\/v2\/pages\/7161\/revisions"}],"wp:attachment":[{"href":"https:\/\/www.msolafrica.org\/fr\/wp-json\/wp\/v2\/media?parent=7161"}],"curies":[{"name":"wp","href":"https:\/\/api.w.org\/{rel}","templated":true}]}}