{"id":8129,"date":"2022-02-25T10:37:17","date_gmt":"2022-02-25T10:37:17","guid":{"rendered":"http:\/\/192.0.54.7\/www.msolafrica?page_id=8129"},"modified":"2022-04-20T12:10:24","modified_gmt":"2022-04-20T12:10:24","slug":"politique-de-confidentialite","status":"publish","type":"page","link":"https:\/\/www.msolafrica.org\/fr\/politique-de-confidentialite\/","title":{"rendered":"Politique de Confidentialit\u00e9"},"content":{"rendered":"\n<h2 class=\"wp-block-heading\"><strong>POLITIQUE DE CONFIDENTIALIT\u00c9 POUR LES S\u0152URS MISSIONNAIRES DE NOTRE-DAME D&rsquo;AFRIQUE<\/strong><\/h2>\n\n\n\n<p><strong>Viale Trenta Aprile, 15, 00153 Rome, Italie<\/strong><\/p>\n\n\n\n<p><strong>Courriel de contact : website@msolafrica.org<\/strong><\/p>\n\n\n\n<p><strong>Derni\u00e8re mise \u00e0 jour : 22 mars 2022<\/strong><\/p>\n\n\n\n<p>La pr\u00e9sente politique de confidentialit\u00e9 d\u00e9crit nos politiques et proc\u00e9dures en mati\u00e8re de collecte, d&rsquo;utilisation et de divulgation des donn\u00e9es personnelles et vous informe de vos droits en mati\u00e8re de confidentialit\u00e9 et de la mani\u00e8re dont la loi vous prot\u00e8ge.<\/p>\n\n\n\n<p>Nous sommes sous la juridiction des lois europ\u00e9ennes GDPR<\/p>\n\n\n\n<p>En tant que congr\u00e9gation, nous ne collectons ni n&rsquo;utilisons vos donn\u00e9es personnelles, mais il existe des cas o\u00f9 des donn\u00e9es sont collect\u00e9es par des tiers, vous devez donc en \u00eatre inform\u00e9.<\/p>\n\n\n\n<h2 class=\"wp-block-heading\">COLLECTE ET UTILISATION DE VOS DONNEES PERSONNELLES<\/h2>\n\n\n\n<h3 class=\"wp-block-heading\">TYPES DE DONN\u00c9ES COLLECT\u00c9ES<\/h3>\n\n\n\n<h3 class=\"wp-block-heading\">DONN\u00c9ES PERSONNELLES<\/h3>\n\n\n\n<p>Lorsque vous utilisez notre site Web, nous ne vous demandons pas de nous fournir des informations personnellement identifiables. Les informations personnellement identifiables peuvent inclure, mais sans s&rsquo;y limiter&nbsp;:<\/p>\n\n\n\n<ul class=\"wp-block-list\"><li>Adresse e-mail<\/li><li>Donn\u00e9es d&rsquo;utilisation<\/li><\/ul>\n\n\n\n<h3 class=\"wp-block-heading\">DONN\u00c9ES D&rsquo;UTILISATION<\/h3>\n\n\n\n<p>Les donn\u00e9es d&rsquo;utilisation sont collect\u00e9es automatiquement par certains services tiers lors de l&rsquo;utilisation du site Web.<\/p>\n\n\n\n<p>Les donn\u00e9es d&rsquo;utilisation peuvent inclure des informations telles que l&rsquo;adresse de protocole Internet de votre appareil (par exemple, l&rsquo;adresse IP), le type de navigateur, la version du navigateur, les pages de notre site Web que vous visitez, l&rsquo;heure et la date de votre visite, le temps pass\u00e9 sur ces pages, l&rsquo;appareil unique identifiants et autres donn\u00e9es de diagnostic.<\/p>\n\n\n\n<p>Lorsque vous acc\u00e9dez au site Web par ou via un appareil mobile, certains services tiers peuvent collecter automatiquement certaines informations, y compris, mais sans s&rsquo;y limiter&nbsp;: le type d&rsquo;appareil mobile que vous utilisez, l&rsquo;identifiant unique de votre appareil mobile, l&rsquo;adresse IP de votre appareil mobile, votre syst\u00e8me d&rsquo;exploitation mobile, le type de navigateur Internet mobile que vous utilisez, les identifiants uniques de l&rsquo;appareil et d&rsquo;autres donn\u00e9es de diagnostic.<\/p>\n\n\n\n<h3 class=\"wp-block-heading\">TECHNOLOGIES DE SUIVI ET COOKIES<\/h3>\n\n\n\n<p>Nous n&rsquo;utilisons pas de Cookies et de technologies de suivi similaires pour suivre l&rsquo;activit\u00e9 sur notre site web et stocker certaines informations. Les technologies de suivi utilis\u00e9es sont les balises, les tags et les scripts pour collecter et suivre les informations et pour am\u00e9liorer et analyser notre site web.<\/p>\n\n\n\n<h3 class=\"wp-block-heading\">UTILISATION DE VOS DONNEES PERSONNELLES<\/h3>\n\n\n\n<p>Les seules donn\u00e9es personnelles dont nous disposons sont celles que vous nous envoyez par courrier \u00e9lectronique. Nous acc\u00e8derons \u00e0 votre courriel et nous lirons et r\u00e9pondrons \u00e0 votre demande.<\/p>\n\n\n\n<p>Nous ne conserverons ni n&rsquo;utiliserons ces donn\u00e9es \u00e0 d&rsquo;autres fins et tout ce que vous nous \u00e9crirez sera confidentiel, tout comme la r\u00e9ponse que nous vous donnerons.<\/p>\n\n\n\n<p>Nous ne vous contacterons d&rsquo;aucune autre mani\u00e8re que par l&rsquo;adresse e-mail que vous nous avez envoy\u00e9e. Nous n&rsquo;inclurons pas votre adresse e-mail dans une liste de diffusion.<\/p>\n\n\n\n<p>Nous ne partagerons jamais vos donn\u00e9es personnelles avec des tiers.<\/p>\n\n\n\n<h3 class=\"wp-block-heading\">CONSERVATION DE VOS DONNEES PERSONNELLES<\/h3>\n\n\n\n<p>La Congr\u00e9gation ne conservera vos donn\u00e9es personnelles que le temps n\u00e9cessaire aux fins de votre demande.<\/p>\n\n\n\n<p>Nous pouvons conserver et utiliser vos donn\u00e9es personnelles dans la mesure n\u00e9cessaire pour nous conformer \u00e0 nos obligations l\u00e9gales (par exemple, si nous sommes tenus de conserver vos donn\u00e9es pour nous conformer aux lois applicables), r\u00e9soudre des litiges et appliquer nos accords et politiques juridiques.<\/p>\n\n\n\n<p>La Congr\u00e9gation conservera \u00e9galement les donn\u00e9es d&rsquo;utilisation \u00e0 des fins d&rsquo;analyse interne, pour renforcer la s\u00e9curit\u00e9 ou pour am\u00e9liorer la fonctionnalit\u00e9 de notre site Web, ou si nous sommes l\u00e9galement tenus de conserver ces donn\u00e9es pendant des p\u00e9riodes plus longues.<\/p>\n\n\n\n<h3 class=\"wp-block-heading\">TRANSFERT DE VOS DONNEES PERSONNELLES<\/h3>\n\n\n\n<p>Nous ne partagerons ni ne transf\u00e9rerons jamais vos donn\u00e9es personnelles avec des tiers.<\/p>\n\n\n\n<h3 class=\"wp-block-heading\">DIVULGATION DE VOS DONN\u00c9ES PERSONNELLES<\/h3>\n\n\n\n<p>Dans certaines circonstances, la Congr\u00e9gation peut \u00eatre tenue de divulguer vos donn\u00e9es personnelles si la loi l&rsquo;exige ou en r\u00e9ponse \u00e0 des demandes valables des autorit\u00e9s publiques (par exemple, un tribunal ou une agence gouvernementale), ou pour se conformer \u00e0 d&rsquo;autres obligations l\u00e9gales.<\/p>\n\n\n\n<h3 class=\"wp-block-heading\">S\u00c9CURIT\u00c9 DE VOS DONN\u00c9ES PERSONNELLES<\/h3>\n\n\n\n<p>La s\u00e9curit\u00e9 de vos donn\u00e9es personnelles est importante pour nous, mais n&rsquo;oubliez pas qu&rsquo;aucune m\u00e9thode de transmission sur Internet ou m\u00e9thode de stockage \u00e9lectronique n&rsquo;est s\u00e9curis\u00e9e \u00e0 100 %. Bien que nous nous efforcions d&rsquo;utiliser tous les moyens acceptables pour prot\u00e9ger vos donn\u00e9es personnelles, nous ne pouvons garantir leur s\u00e9curit\u00e9 absolue.<\/p>\n\n\n\n<h3 class=\"wp-block-heading\">LIENS VERS D&rsquo;AUTRES SITES WEB<\/h3>\n\n\n\n<p>Notre site Web peut contenir des liens vers d&rsquo;autres sites Web qui ne sont pas exploit\u00e9s par nous. Si vous cliquez sur un lien tiers, vous serez dirig\u00e9 vers le site de ce tiers. Nous vous conseillons vivement de consulter la politique de confidentialit\u00e9 de chaque site que vous visitez.<\/p>\n\n\n\n<p>Nous n&rsquo;avons aucun contr\u00f4le et n&rsquo;assumons aucune responsabilit\u00e9 quant au contenu, aux politiques de confidentialit\u00e9 ou aux pratiques des sites ou sites Web tiers.<\/p>\n\n\n\n<h3 class=\"wp-block-heading\">MODIFICATIONS DE CETTE POLITIQUE DE CONFIDENTIALIT\u00c9<\/h3>\n\n\n\n<p>Nous pouvons mettre \u00e0 jour notre politique de confidentialit\u00e9 de temps \u00e0 autre. Nous mettrons \u00e0 jour la date de \u00ab derni\u00e8re mise \u00e0 jour \u00bb en haut de cette politique de confidentialit\u00e9.<\/p>\n\n\n\n<p>Il vous est conseill\u00e9 de consulter p\u00e9riodiquement cette politique de confidentialit\u00e9 pour tout changement. Les modifications apport\u00e9es \u00e0 cette politique de confidentialit\u00e9 entrent en vigueur lorsqu&rsquo;elles sont publi\u00e9es sur cette page.<\/p>\n\n\n\n<h3 class=\"wp-block-heading\">NOUS CONTACTER<\/h3>\n\n\n\n<p>Si vous avez des questions sur cette politique de confidentialit\u00e9, vous pouvez nous contacter par e-mail \u00e0 website@msolafrica.org<\/p>\n","protected":false},"excerpt":{"rendered":"<p>POLITIQUE DE CONFIDENTIALIT\u00c9 POUR LES S\u0152URS MISSIONNAIRES DE NOTRE-DAME D&rsquo;AFRIQUE Viale Trenta Aprile, 15, 00153 Rome, Italie Courriel de contact : website@msolafrica.org Derni\u00e8re mise \u00e0 jour : 22 mars 2022 La pr\u00e9sente politique de confidentialit\u00e9 d\u00e9crit nos politiques et proc\u00e9dures en mati\u00e8re de collecte, d&rsquo;utilisation et de divulgation des donn\u00e9es personnelles et vous informe de vos droits en mati\u00e8re de confidentialit\u00e9 et de la mani\u00e8re dont la loi vous prot\u00e8ge. Nous sommes sous la juridiction des lois europ\u00e9ennes GDPR En tant que congr\u00e9gation, nous ne collectons ni n&rsquo;utilisons vos donn\u00e9es personnelles, mais il existe des cas o\u00f9 des donn\u00e9es sont collect\u00e9es par des tiers, vous devez donc en \u00eatre inform\u00e9. COLLECTE ET UTILISATION DE VOS DONNEES PERSONNELLES TYPES DE DONN\u00c9ES COLLECT\u00c9ES DONN\u00c9ES PERSONNELLES Lorsque vous utilisez notre site Web, nous ne vous demandons pas de nous fournir des informations personnellement identifiables. Les informations personnellement identifiables peuvent inclure, mais sans s&rsquo;y&hellip;<\/p>\n<p> <a class=\"more-link\" href=\"https:\/\/www.msolafrica.org\/fr\/politique-de-confidentialite\/\">Lire la suite<\/a><\/p>\n","protected":false},"author":1,"featured_media":0,"parent":0,"menu_order":0,"comment_status":"closed","ping_status":"closed","template":"","meta":{"_uag_custom_page_level_css":"","footnotes":""},"class_list":["post-8129","page","type-page","status-publish"],"yoast_head":"<!-- This site is optimized with the Yoast SEO plugin v21.0 - https:\/\/yoast.com\/wordpress\/plugins\/seo\/ -->\n<title>Politique de Confidentialit\u00e9 - S\u0153urs Missionaires de Notre Dame d&#039;Afrique<\/title>\n<meta name=\"robots\" content=\"index, follow, max-snippet:-1, max-image-preview:large, max-video-preview:-1\" \/>\n<link rel=\"canonical\" href=\"https:\/\/www.msolafrica.org\/fr\/politique-de-confidentialite\/\" \/>\n<meta property=\"og:locale\" content=\"fr_FR\" \/>\n<meta property=\"og:type\" content=\"article\" \/>\n<meta property=\"og:title\" content=\"Politique de Confidentialit\u00e9 - S\u0153urs Missionaires de Notre Dame d&#039;Afrique\" \/>\n<meta property=\"og:description\" content=\"POLITIQUE DE CONFIDENTIALIT\u00c9 POUR LES S\u0152URS MISSIONNAIRES DE NOTRE-DAME D&rsquo;AFRIQUE Viale Trenta Aprile, 15, 00153 Rome, Italie Courriel de contact : website@msolafrica.org Derni\u00e8re mise \u00e0 jour : 22 mars 2022 La pr\u00e9sente politique de confidentialit\u00e9 d\u00e9crit nos politiques et proc\u00e9dures en mati\u00e8re de collecte, d&rsquo;utilisation et de divulgation des donn\u00e9es personnelles et vous informe de vos droits en mati\u00e8re de confidentialit\u00e9 et de la mani\u00e8re dont la loi vous prot\u00e8ge. Nous sommes sous la juridiction des lois europ\u00e9ennes GDPR En tant que congr\u00e9gation, nous ne collectons ni n&rsquo;utilisons vos donn\u00e9es personnelles, mais il existe des cas o\u00f9 des donn\u00e9es sont collect\u00e9es par des tiers, vous devez donc en \u00eatre inform\u00e9. COLLECTE ET UTILISATION DE VOS DONNEES PERSONNELLES TYPES DE DONN\u00c9ES COLLECT\u00c9ES DONN\u00c9ES PERSONNELLES Lorsque vous utilisez notre site Web, nous ne vous demandons pas de nous fournir des informations personnellement identifiables. Les informations personnellement identifiables peuvent inclure, mais sans s&rsquo;y&hellip;  Lire la suite\" \/>\n<meta property=\"og:url\" content=\"https:\/\/www.msolafrica.org\/fr\/politique-de-confidentialite\/\" \/>\n<meta property=\"og:site_name\" content=\"S\u0153urs Missionaires de Notre Dame d&#039;Afrique\" \/>\n<meta property=\"article:publisher\" content=\"https:\/\/www.facebook.com\/missionnary.sisters\" \/>\n<meta property=\"article:modified_time\" content=\"2022-04-20T12:10:24+00:00\" \/>\n<meta property=\"og:image\" content=\"https:\/\/www.msolafrica.org\/wp-content\/uploads\/2021\/09\/logo_english.png\" \/>\n\t<meta property=\"og:image:width\" content=\"3508\" \/>\n\t<meta property=\"og:image:height\" content=\"2481\" \/>\n\t<meta property=\"og:image:type\" content=\"image\/png\" \/>\n<meta name=\"twitter:card\" content=\"summary_large_image\" \/>\n<meta name=\"twitter:label1\" content=\"Dur\u00e9e de lecture estim\u00e9e\" \/>\n\t<meta name=\"twitter:data1\" content=\"5 minutes\" \/>\n<script type=\"application\/ld+json\" class=\"yoast-schema-graph\">{\"@context\":\"https:\/\/schema.org\",\"@graph\":[{\"@type\":\"WebPage\",\"@id\":\"https:\/\/www.msolafrica.org\/fr\/politique-de-confidentialite\/\",\"url\":\"https:\/\/www.msolafrica.org\/fr\/politique-de-confidentialite\/\",\"name\":\"Politique de Confidentialit\u00e9 - S\u0153urs Missionaires de Notre Dame d&#039;Afrique\",\"isPartOf\":{\"@id\":\"https:\/\/www.msolafrica.org\/#website\"},\"datePublished\":\"2022-02-25T10:37:17+00:00\",\"dateModified\":\"2022-04-20T12:10:24+00:00\",\"breadcrumb\":{\"@id\":\"https:\/\/www.msolafrica.org\/fr\/politique-de-confidentialite\/#breadcrumb\"},\"inLanguage\":\"fr-FR\",\"potentialAction\":[{\"@type\":\"ReadAction\",\"target\":[\"https:\/\/www.msolafrica.org\/fr\/politique-de-confidentialite\/\"]}]},{\"@type\":\"BreadcrumbList\",\"@id\":\"https:\/\/www.msolafrica.org\/fr\/politique-de-confidentialite\/#breadcrumb\",\"itemListElement\":[{\"@type\":\"ListItem\",\"position\":1,\"name\":\"Home\",\"item\":\"https:\/\/www.msolafrica.org\/\"},{\"@type\":\"ListItem\",\"position\":2,\"name\":\"Politique de Confidentialit\u00e9\"}]},{\"@type\":\"WebSite\",\"@id\":\"https:\/\/www.msolafrica.org\/#website\",\"url\":\"https:\/\/www.msolafrica.org\/\",\"name\":\"S\u0153urs Missionaires de Notre Dame d&#039;Afrique\",\"description\":\"Site institutionnel des S\u0153urs Missionnaires de Notre Dame d&#039;Afrique S\u0153urs Blanches SMNDA - Institutional site of the Missionary Sisters of Our Lady of Africa White Sisters MSOLA\",\"publisher\":{\"@id\":\"https:\/\/www.msolafrica.org\/#organization\"},\"potentialAction\":[{\"@type\":\"SearchAction\",\"target\":{\"@type\":\"EntryPoint\",\"urlTemplate\":\"https:\/\/www.msolafrica.org\/?s={search_term_string}\"},\"query-input\":\"required name=search_term_string\"}],\"inLanguage\":\"fr-FR\"},{\"@type\":\"Organization\",\"@id\":\"https:\/\/www.msolafrica.org\/#organization\",\"name\":\"S\u0153urs Missionaires de Notre Dame d&#039;Afrique\",\"url\":\"https:\/\/www.msolafrica.org\/\",\"logo\":{\"@type\":\"ImageObject\",\"inLanguage\":\"fr-FR\",\"@id\":\"https:\/\/www.msolafrica.org\/#\/schema\/logo\/image\/\",\"url\":\"https:\/\/www.msolafrica.org\/wp-content\/uploads\/2021\/09\/logo_english.png\",\"contentUrl\":\"https:\/\/www.msolafrica.org\/wp-content\/uploads\/2021\/09\/logo_english.png\",\"width\":3508,\"height\":2481,\"caption\":\"S\u0153urs Missionaires de Notre Dame d&#039;Afrique\"},\"image\":{\"@id\":\"https:\/\/www.msolafrica.org\/#\/schema\/logo\/image\/\"},\"sameAs\":[\"https:\/\/www.facebook.com\/missionnary.sisters\"]}]}<\/script>\n<!-- \/ Yoast SEO plugin. -->","yoast_head_json":{"title":"Politique de Confidentialit\u00e9 - S\u0153urs Missionaires de Notre Dame d&#039;Afrique","robots":{"index":"index","follow":"follow","max-snippet":"max-snippet:-1","max-image-preview":"max-image-preview:large","max-video-preview":"max-video-preview:-1"},"canonical":"https:\/\/www.msolafrica.org\/fr\/politique-de-confidentialite\/","og_locale":"fr_FR","og_type":"article","og_title":"Politique de Confidentialit\u00e9 - S\u0153urs Missionaires de Notre Dame d&#039;Afrique","og_description":"POLITIQUE DE CONFIDENTIALIT\u00c9 POUR LES S\u0152URS MISSIONNAIRES DE NOTRE-DAME D&rsquo;AFRIQUE Viale Trenta Aprile, 15, 00153 Rome, Italie Courriel de contact : website@msolafrica.org Derni\u00e8re mise \u00e0 jour : 22 mars 2022 La pr\u00e9sente politique de confidentialit\u00e9 d\u00e9crit nos politiques et proc\u00e9dures en mati\u00e8re de collecte, d&rsquo;utilisation et de divulgation des donn\u00e9es personnelles et vous informe de vos droits en mati\u00e8re de confidentialit\u00e9 et de la mani\u00e8re dont la loi vous prot\u00e8ge. Nous sommes sous la juridiction des lois europ\u00e9ennes GDPR En tant que congr\u00e9gation, nous ne collectons ni n&rsquo;utilisons vos donn\u00e9es personnelles, mais il existe des cas o\u00f9 des donn\u00e9es sont collect\u00e9es par des tiers, vous devez donc en \u00eatre inform\u00e9. COLLECTE ET UTILISATION DE VOS DONNEES PERSONNELLES TYPES DE DONN\u00c9ES COLLECT\u00c9ES DONN\u00c9ES PERSONNELLES Lorsque vous utilisez notre site Web, nous ne vous demandons pas de nous fournir des informations personnellement identifiables. Les informations personnellement identifiables peuvent inclure, mais sans s&rsquo;y&hellip;  Lire la suite","og_url":"https:\/\/www.msolafrica.org\/fr\/politique-de-confidentialite\/","og_site_name":"S\u0153urs Missionaires de Notre Dame d&#039;Afrique","article_publisher":"https:\/\/www.facebook.com\/missionnary.sisters","article_modified_time":"2022-04-20T12:10:24+00:00","og_image":[{"width":3508,"height":2481,"url":"https:\/\/www.msolafrica.org\/wp-content\/uploads\/2021\/09\/logo_english.png","type":"image\/png"}],"twitter_card":"summary_large_image","twitter_misc":{"Dur\u00e9e de lecture estim\u00e9e":"5 minutes"},"schema":{"@context":"https:\/\/schema.org","@graph":[{"@type":"WebPage","@id":"https:\/\/www.msolafrica.org\/fr\/politique-de-confidentialite\/","url":"https:\/\/www.msolafrica.org\/fr\/politique-de-confidentialite\/","name":"Politique de Confidentialit\u00e9 - S\u0153urs Missionaires de Notre Dame d&#039;Afrique","isPartOf":{"@id":"https:\/\/www.msolafrica.org\/#website"},"datePublished":"2022-02-25T10:37:17+00:00","dateModified":"2022-04-20T12:10:24+00:00","breadcrumb":{"@id":"https:\/\/www.msolafrica.org\/fr\/politique-de-confidentialite\/#breadcrumb"},"inLanguage":"fr-FR","potentialAction":[{"@type":"ReadAction","target":["https:\/\/www.msolafrica.org\/fr\/politique-de-confidentialite\/"]}]},{"@type":"BreadcrumbList","@id":"https:\/\/www.msolafrica.org\/fr\/politique-de-confidentialite\/#breadcrumb","itemListElement":[{"@type":"ListItem","position":1,"name":"Home","item":"https:\/\/www.msolafrica.org\/"},{"@type":"ListItem","position":2,"name":"Politique de Confidentialit\u00e9"}]},{"@type":"WebSite","@id":"https:\/\/www.msolafrica.org\/#website","url":"https:\/\/www.msolafrica.org\/","name":"S\u0153urs Missionaires de Notre Dame d&#039;Afrique","description":"Site institutionnel des S\u0153urs Missionnaires de Notre Dame d&#039;Afrique S\u0153urs Blanches SMNDA - Institutional site of the Missionary Sisters of Our Lady of Africa White Sisters MSOLA","publisher":{"@id":"https:\/\/www.msolafrica.org\/#organization"},"potentialAction":[{"@type":"SearchAction","target":{"@type":"EntryPoint","urlTemplate":"https:\/\/www.msolafrica.org\/?s={search_term_string}"},"query-input":"required name=search_term_string"}],"inLanguage":"fr-FR"},{"@type":"Organization","@id":"https:\/\/www.msolafrica.org\/#organization","name":"S\u0153urs Missionaires de Notre Dame d&#039;Afrique","url":"https:\/\/www.msolafrica.org\/","logo":{"@type":"ImageObject","inLanguage":"fr-FR","@id":"https:\/\/www.msolafrica.org\/#\/schema\/logo\/image\/","url":"https:\/\/www.msolafrica.org\/wp-content\/uploads\/2021\/09\/logo_english.png","contentUrl":"https:\/\/www.msolafrica.org\/wp-content\/uploads\/2021\/09\/logo_english.png","width":3508,"height":2481,"caption":"S\u0153urs Missionaires de Notre Dame d&#039;Afrique"},"image":{"@id":"https:\/\/www.msolafrica.org\/#\/schema\/logo\/image\/"},"sameAs":["https:\/\/www.facebook.com\/missionnary.sisters"]}]}},"uagb_featured_image_src":{"full":false,"thumbnail":false,"medium":false,"medium_large":false,"large":false,"1536x1536":false,"2048x2048":false},"uagb_author_info":{"display_name":"cmsadmin","author_link":"https:\/\/www.msolafrica.org\/fr\/author\/cmsadmin\/"},"uagb_comment_info":0,"uagb_excerpt":"POLITIQUE DE CONFIDENTIALIT\u00c9 POUR LES S\u0152URS MISSIONNAIRES DE NOTRE-DAME D&rsquo;AFRIQUE Viale Trenta Aprile, 15, 00153 Rome, Italie Courriel de contact : website@msolafrica.org Derni\u00e8re mise \u00e0 jour : 22 mars 2022 La pr\u00e9sente politique de confidentialit\u00e9 d\u00e9crit nos politiques et proc\u00e9dures en mati\u00e8re de collecte, d&rsquo;utilisation et de divulgation des donn\u00e9es personnelles et vous informe de\u2026","_links":{"self":[{"href":"https:\/\/www.msolafrica.org\/fr\/wp-json\/wp\/v2\/pages\/8129","targetHints":{"allow":["GET"]}}],"collection":[{"href":"https:\/\/www.msolafrica.org\/fr\/wp-json\/wp\/v2\/pages"}],"about":[{"href":"https:\/\/www.msolafrica.org\/fr\/wp-json\/wp\/v2\/types\/page"}],"author":[{"embeddable":true,"href":"https:\/\/www.msolafrica.org\/fr\/wp-json\/wp\/v2\/users\/1"}],"replies":[{"embeddable":true,"href":"https:\/\/www.msolafrica.org\/fr\/wp-json\/wp\/v2\/comments?post=8129"}],"version-history":[{"count":0,"href":"https:\/\/www.msolafrica.org\/fr\/wp-json\/wp\/v2\/pages\/8129\/revisions"}],"wp:attachment":[{"href":"https:\/\/www.msolafrica.org\/fr\/wp-json\/wp\/v2\/media?parent=8129"}],"curies":[{"name":"wp","href":"https:\/\/api.w.org\/{rel}","templated":true}]}}