{"id":9207,"date":"2022-03-07T09:58:30","date_gmt":"2022-03-07T09:58:30","guid":{"rendered":"http:\/\/192.0.54.7\/www.msolafrica?page_id=9207"},"modified":"2024-03-19T08:08:55","modified_gmt":"2024-03-19T08:08:55","slug":"contacts","status":"publish","type":"page","link":"https:\/\/www.msolafrica.org\/fr\/contacts\/","title":{"rendered":"Contacts"},"content":{"rendered":"\t\t<div data-elementor-type=\"wp-page\" data-elementor-id=\"9207\" class=\"elementor elementor-9207 elementor-6898\">\n\t\t\t\t\t\t\t\t\t<section class=\"elementor-section elementor-top-section elementor-element elementor-element-0d9344b elementor-section-boxed elementor-section-height-default elementor-section-height-default\" data-id=\"0d9344b\" data-element_type=\"section\">\n\t\t\t\t\t\t<div class=\"elementor-container elementor-column-gap-default\">\n\t\t\t\t\t<div class=\"elementor-column elementor-col-100 elementor-top-column elementor-element elementor-element-7fb60b5\" data-id=\"7fb60b5\" data-element_type=\"column\">\n\t\t\t<div class=\"elementor-widget-wrap elementor-element-populated\">\n\t\t\t\t\t\t\t\t<div class=\"elementor-element elementor-element-18d514d elementor-headline--style-highlight elementor-widget elementor-widget-animated-headline\" data-id=\"18d514d\" data-element_type=\"widget\" data-settings=\"{&quot;marker&quot;:&quot;underline&quot;,&quot;highlighted_text&quot;:&quot;Contacts&quot;,&quot;headline_style&quot;:&quot;highlight&quot;,&quot;loop&quot;:&quot;yes&quot;,&quot;highlight_animation_duration&quot;:1200,&quot;highlight_iteration_delay&quot;:8000}\" data-widget_type=\"animated-headline.default\">\n\t\t\t\t<div class=\"elementor-widget-container\">\n\t\t\t\t\t<span class=\"elementor-headline\">\n\t\t\t\t<span class=\"elementor-headline-dynamic-wrapper elementor-headline-text-wrapper\">\n\t\t\t\t\t<span class=\"elementor-headline-dynamic-text elementor-headline-text-active\">Contacts<\/span>\n\t\t\t\t<\/span>\n\t\t\t\t<\/span>\n\t\t\t\t<\/div>\n\t\t\t\t<\/div>\n\t\t\t\t\t<\/div>\n\t\t<\/div>\n\t\t\t\t\t\t\t<\/div>\n\t\t<\/section>\n\t\t\t\t<section class=\"elementor-section elementor-top-section elementor-element elementor-element-b0eb134 elementor-section-full_width elementor-section-height-default elementor-section-height-default\" data-id=\"b0eb134\" data-element_type=\"section\">\n\t\t\t\t\t\t<div class=\"elementor-container elementor-column-gap-default\">\n\t\t\t\t\t<div class=\"elementor-column elementor-col-25 elementor-top-column elementor-element elementor-element-36596c3\" data-id=\"36596c3\" data-element_type=\"column\" data-settings=\"{&quot;background_background&quot;:&quot;classic&quot;}\">\n\t\t\t<div class=\"elementor-widget-wrap elementor-element-populated\">\n\t\t\t\t\t\t\t\t<div class=\"elementor-element elementor-element-20ae259 elementor-widget elementor-widget-text-editor\" data-id=\"20ae259\" data-element_type=\"widget\" data-widget_type=\"text-editor.default\">\n\t\t\t\t<div class=\"elementor-widget-container\">\n\t\t\t\t\t\t\t<p style=\"text-align: center;\"><strong><span style=\"color: #003366;\">S\u0153urs Missionnaires de Notre-Dame d&rsquo;Afrique<\/span><\/strong><\/p><p style=\"text-align: center;\"><span style=\"color: #003366;\">Viale Trenta Aprile, 15<\/span><br \/><span style=\"color: #003366;\">00153 Roma &#8211; Italy<\/span><\/p><p style=\"text-align: center;\"><span style=\"color: #003366;\">webmaster@msolafrica.org<\/span><\/p>\t\t\t\t\t\t<\/div>\n\t\t\t\t<\/div>\n\t\t\t\t\t<\/div>\n\t\t<\/div>\n\t\t\t\t<div class=\"elementor-column elementor-col-25 elementor-top-column elementor-element elementor-element-a97b1a5\" data-id=\"a97b1a5\" data-element_type=\"column\" data-settings=\"{&quot;background_background&quot;:&quot;classic&quot;}\">\n\t\t\t<div class=\"elementor-widget-wrap elementor-element-populated\">\n\t\t\t\t\t\t\t\t<div class=\"elementor-element elementor-element-ead9b3a elementor-widget elementor-widget-text-editor\" data-id=\"ead9b3a\" data-element_type=\"widget\" data-widget_type=\"text-editor.default\">\n\t\t\t\t<div class=\"elementor-widget-container\">\n\t\t\t\t\t\t\t<p style=\"text-align: center;\"><span style=\"color: #003366;\"><strong>ENTIT\u00c9 AM\u00c9RICA &#8211; EUROPE<\/strong><\/span><\/p><p style=\"text-align: center;\"><span style=\"color: #003366;\"><strong>\u00a0<\/strong><\/span><br \/><a href=\"mailto:aeleaders@msolafrica.org\">aeleaders@msolafrica.org<\/a><\/p>\t\t\t\t\t\t<\/div>\n\t\t\t\t<\/div>\n\t\t\t\t\t<\/div>\n\t\t<\/div>\n\t\t\t\t<div class=\"elementor-column elementor-col-25 elementor-top-column elementor-element elementor-element-c343deb\" data-id=\"c343deb\" data-element_type=\"column\" data-settings=\"{&quot;background_background&quot;:&quot;classic&quot;}\">\n\t\t\t<div class=\"elementor-widget-wrap elementor-element-populated\">\n\t\t\t\t\t\t\t\t<div class=\"elementor-element elementor-element-3e96d18 elementor-widget elementor-widget-text-editor\" data-id=\"3e96d18\" data-element_type=\"widget\" data-widget_type=\"text-editor.default\">\n\t\t\t\t<div class=\"elementor-widget-container\">\n\t\t\t\t\t\t\t<p style=\"text-align: center;\"><span style=\"color: #003366;\"><strong>ENTIT\u00c9 AFRIQUE DU NORD-OUEST (NOUA)<\/strong><\/span><\/p><p style=\"text-align: center;\"><span style=\"color: #003366;\">smnda.noua@gmail.com<\/span><\/p>\t\t\t\t\t\t<\/div>\n\t\t\t\t<\/div>\n\t\t\t\t\t<\/div>\n\t\t<\/div>\n\t\t\t\t<div class=\"elementor-column elementor-col-25 elementor-top-column elementor-element elementor-element-93b3b9f\" data-id=\"93b3b9f\" data-element_type=\"column\" data-settings=\"{&quot;background_background&quot;:&quot;classic&quot;}\">\n\t\t\t<div class=\"elementor-widget-wrap elementor-element-populated\">\n\t\t\t\t\t\t\t\t<div class=\"elementor-element elementor-element-cfe941c elementor-widget elementor-widget-text-editor\" data-id=\"cfe941c\" data-element_type=\"widget\" data-widget_type=\"text-editor.default\">\n\t\t\t\t<div class=\"elementor-widget-container\">\n\t\t\t\t\t\t\t<p style=\"text-align: center;\"><span style=\"color: #003366;\"><strong>ENTIT\u00c9 AFRIQUE CENTRALE ET EST (ECA)<\/strong><\/span><\/p><p style=\"text-align: center;\"><span style=\"color: #003366;\">msolaecentity@gmail.com<\/span><\/p>\t\t\t\t\t\t<\/div>\n\t\t\t\t<\/div>\n\t\t\t\t\t<\/div>\n\t\t<\/div>\n\t\t\t\t\t\t\t<\/div>\n\t\t<\/section>\n\t\t\t\t<section class=\"elementor-section elementor-top-section elementor-element elementor-element-70cf58d elementor-section-boxed elementor-section-height-default elementor-section-height-default\" data-id=\"70cf58d\" data-element_type=\"section\">\n\t\t\t\t\t\t<div class=\"elementor-container elementor-column-gap-default\">\n\t\t\t\t\t<div class=\"elementor-column elementor-col-100 elementor-top-column elementor-element elementor-element-4c6fa2c\" data-id=\"4c6fa2c\" data-element_type=\"column\">\n\t\t\t<div class=\"elementor-widget-wrap elementor-element-populated\">\n\t\t\t\t\t\t\t\t<div class=\"elementor-element elementor-element-8b14787 elementor-widget elementor-widget-igmap\" data-id=\"8b14787\" data-element_type=\"widget\" data-widget_type=\"igmap.default\">\n\t\t\t\t<div class=\"elementor-widget-container\">\n\t\t\t<div class=\"igmap-elementor-widget\"><div class=\"map_wrapper\" id=\"map_wrapper_8124\">\n<div class=\"map_box\" style=\"max-width:2000px\">\n<div class=\"map_aspect_ratio\" style=\"padding-top:56%\" data-padding-top=\"56%\" data-padding-top-mobile=\"\">\n<div class=\"map_container\">\n<div class=\"map_render map_loading\" id=\"map_8124\"><\/div>\n<\/div>\n<\/div>\n<\/div>\n<\/div><\/div>\t\t<\/div>\n\t\t\t\t<\/div>\n\t\t\t\t\t<\/div>\n\t\t<\/div>\n\t\t\t\t\t\t\t<\/div>\n\t\t<\/section>\n\t\t\t\t\t\t\t<\/div>\n\t\t","protected":false},"excerpt":{"rendered":"<p>Contacts S\u0153urs Missionnaires de Notre-Dame d&rsquo;Afrique Viale Trenta Aprile, 1500153 Roma &#8211; Italy webmaster@msolafrica.org ENTIT\u00c9 AM\u00c9RICA &#8211; EUROPE \u00a0aeleaders@msolafrica.org ENTIT\u00c9 AFRIQUE DU NORD-OUEST (NOUA) smnda.noua@gmail.com ENTIT\u00c9 AFRIQUE CENTRALE ET EST (ECA) msolaecentity@gmail.com Preview Only<\/p>\n","protected":false},"author":41,"featured_media":17619,"parent":0,"menu_order":0,"comment_status":"closed","ping_status":"closed","template":"","meta":{"_uag_custom_page_level_css":"","footnotes":""},"class_list":["post-9207","page","type-page","status-publish","has-post-thumbnail"],"yoast_head":"<!-- This site is optimized with the Yoast SEO plugin v21.0 - https:\/\/yoast.com\/wordpress\/plugins\/seo\/ -->\n<title>Contacts - S\u0153urs Missionaires de Notre Dame d&#039;Afrique<\/title>\n<meta name=\"robots\" content=\"index, follow, max-snippet:-1, max-image-preview:large, max-video-preview:-1\" \/>\n<link rel=\"canonical\" href=\"https:\/\/www.msolafrica.org\/contact\/\" \/>\n<meta property=\"og:locale\" content=\"fr_FR\" \/>\n<meta property=\"og:type\" content=\"article\" \/>\n<meta property=\"og:title\" content=\"Contacts - S\u0153urs Missionaires de Notre Dame d&#039;Afrique\" \/>\n<meta property=\"og:description\" content=\"Contacts S\u0153urs Missionnaires de Notre-Dame d&rsquo;Afrique Viale Trenta Aprile, 1500153 Roma &#8211; Italy webmaster@msolafrica.org ENTIT\u00c9 AM\u00c9RICA &#8211; EUROPE \u00a0aeleaders@msolafrica.org ENTIT\u00c9 AFRIQUE DU NORD-OUEST (NOUA) smnda.noua@gmail.com ENTIT\u00c9 AFRIQUE CENTRALE ET EST (ECA) msolaecentity@gmail.com Preview Only\" \/>\n<meta property=\"og:url\" content=\"https:\/\/www.msolafrica.org\/contact\/\" \/>\n<meta property=\"og:site_name\" content=\"S\u0153urs Missionaires de Notre Dame d&#039;Afrique\" \/>\n<meta property=\"article:publisher\" content=\"https:\/\/www.facebook.com\/missionnary.sisters\" \/>\n<meta property=\"article:modified_time\" content=\"2024-03-19T08:08:55+00:00\" \/>\n<meta property=\"og:image\" content=\"https:\/\/www.msolafrica.org\/wp-content\/uploads\/2022\/05\/contact-us.jpg\" \/>\n\t<meta property=\"og:image:width\" content=\"1280\" \/>\n\t<meta property=\"og:image:height\" content=\"677\" \/>\n\t<meta property=\"og:image:type\" content=\"image\/jpeg\" \/>\n<meta name=\"twitter:card\" content=\"summary_large_image\" \/>\n<meta name=\"twitter:label1\" content=\"Dur\u00e9e de lecture estim\u00e9e\" \/>\n\t<meta name=\"twitter:data1\" content=\"1 minute\" \/>\n<script type=\"application\/ld+json\" class=\"yoast-schema-graph\">{\"@context\":\"https:\/\/schema.org\",\"@graph\":[{\"@type\":\"WebPage\",\"@id\":\"https:\/\/www.msolafrica.org\/contact\/\",\"url\":\"https:\/\/www.msolafrica.org\/contact\/\",\"name\":\"Contacts - S\u0153urs Missionaires de Notre Dame d&#039;Afrique\",\"isPartOf\":{\"@id\":\"https:\/\/www.msolafrica.org\/#website\"},\"datePublished\":\"2022-03-07T09:58:30+00:00\",\"dateModified\":\"2024-03-19T08:08:55+00:00\",\"breadcrumb\":{\"@id\":\"https:\/\/www.msolafrica.org\/contact\/#breadcrumb\"},\"inLanguage\":\"fr-FR\",\"potentialAction\":[{\"@type\":\"ReadAction\",\"target\":[\"https:\/\/www.msolafrica.org\/contact\/\"]}]},{\"@type\":\"BreadcrumbList\",\"@id\":\"https:\/\/www.msolafrica.org\/contact\/#breadcrumb\",\"itemListElement\":[{\"@type\":\"ListItem\",\"position\":1,\"name\":\"Home\",\"item\":\"https:\/\/www.msolafrica.org\/\"},{\"@type\":\"ListItem\",\"position\":2,\"name\":\"Contacts\"}]},{\"@type\":\"WebSite\",\"@id\":\"https:\/\/www.msolafrica.org\/#website\",\"url\":\"https:\/\/www.msolafrica.org\/\",\"name\":\"S\u0153urs Missionaires de Notre Dame d&#039;Afrique\",\"description\":\"Site institutionnel des S\u0153urs Missionnaires de Notre Dame d&#039;Afrique S\u0153urs Blanches SMNDA - Institutional site of the Missionary Sisters of Our Lady of Africa White Sisters MSOLA\",\"publisher\":{\"@id\":\"https:\/\/www.msolafrica.org\/#organization\"},\"potentialAction\":[{\"@type\":\"SearchAction\",\"target\":{\"@type\":\"EntryPoint\",\"urlTemplate\":\"https:\/\/www.msolafrica.org\/?s={search_term_string}\"},\"query-input\":\"required name=search_term_string\"}],\"inLanguage\":\"fr-FR\"},{\"@type\":\"Organization\",\"@id\":\"https:\/\/www.msolafrica.org\/#organization\",\"name\":\"S\u0153urs Missionaires de Notre Dame d&#039;Afrique\",\"url\":\"https:\/\/www.msolafrica.org\/\",\"logo\":{\"@type\":\"ImageObject\",\"inLanguage\":\"fr-FR\",\"@id\":\"https:\/\/www.msolafrica.org\/#\/schema\/logo\/image\/\",\"url\":\"https:\/\/www.msolafrica.org\/wp-content\/uploads\/2021\/09\/logo_english.png\",\"contentUrl\":\"https:\/\/www.msolafrica.org\/wp-content\/uploads\/2021\/09\/logo_english.png\",\"width\":3508,\"height\":2481,\"caption\":\"S\u0153urs Missionaires de Notre Dame d&#039;Afrique\"},\"image\":{\"@id\":\"https:\/\/www.msolafrica.org\/#\/schema\/logo\/image\/\"},\"sameAs\":[\"https:\/\/www.facebook.com\/missionnary.sisters\"]}]}<\/script>\n<!-- \/ Yoast SEO plugin. -->","yoast_head_json":{"title":"Contacts - S\u0153urs Missionaires de Notre Dame d&#039;Afrique","robots":{"index":"index","follow":"follow","max-snippet":"max-snippet:-1","max-image-preview":"max-image-preview:large","max-video-preview":"max-video-preview:-1"},"canonical":"https:\/\/www.msolafrica.org\/contact\/","og_locale":"fr_FR","og_type":"article","og_title":"Contacts - S\u0153urs Missionaires de Notre Dame d&#039;Afrique","og_description":"Contacts S\u0153urs Missionnaires de Notre-Dame d&rsquo;Afrique Viale Trenta Aprile, 1500153 Roma &#8211; Italy webmaster@msolafrica.org ENTIT\u00c9 AM\u00c9RICA &#8211; EUROPE \u00a0aeleaders@msolafrica.org ENTIT\u00c9 AFRIQUE DU NORD-OUEST (NOUA) smnda.noua@gmail.com ENTIT\u00c9 AFRIQUE CENTRALE ET EST (ECA) msolaecentity@gmail.com Preview Only","og_url":"https:\/\/www.msolafrica.org\/contact\/","og_site_name":"S\u0153urs Missionaires de Notre Dame d&#039;Afrique","article_publisher":"https:\/\/www.facebook.com\/missionnary.sisters","article_modified_time":"2024-03-19T08:08:55+00:00","og_image":[{"width":1280,"height":677,"url":"https:\/\/www.msolafrica.org\/wp-content\/uploads\/2022\/05\/contact-us.jpg","type":"image\/jpeg"}],"twitter_card":"summary_large_image","twitter_misc":{"Dur\u00e9e de lecture estim\u00e9e":"1 minute"},"schema":{"@context":"https:\/\/schema.org","@graph":[{"@type":"WebPage","@id":"https:\/\/www.msolafrica.org\/contact\/","url":"https:\/\/www.msolafrica.org\/contact\/","name":"Contacts - S\u0153urs Missionaires de Notre Dame d&#039;Afrique","isPartOf":{"@id":"https:\/\/www.msolafrica.org\/#website"},"datePublished":"2022-03-07T09:58:30+00:00","dateModified":"2024-03-19T08:08:55+00:00","breadcrumb":{"@id":"https:\/\/www.msolafrica.org\/contact\/#breadcrumb"},"inLanguage":"fr-FR","potentialAction":[{"@type":"ReadAction","target":["https:\/\/www.msolafrica.org\/contact\/"]}]},{"@type":"BreadcrumbList","@id":"https:\/\/www.msolafrica.org\/contact\/#breadcrumb","itemListElement":[{"@type":"ListItem","position":1,"name":"Home","item":"https:\/\/www.msolafrica.org\/"},{"@type":"ListItem","position":2,"name":"Contacts"}]},{"@type":"WebSite","@id":"https:\/\/www.msolafrica.org\/#website","url":"https:\/\/www.msolafrica.org\/","name":"S\u0153urs Missionaires de Notre Dame d&#039;Afrique","description":"Site institutionnel des S\u0153urs Missionnaires de Notre Dame d&#039;Afrique S\u0153urs Blanches SMNDA - Institutional site of the Missionary Sisters of Our Lady of Africa White Sisters MSOLA","publisher":{"@id":"https:\/\/www.msolafrica.org\/#organization"},"potentialAction":[{"@type":"SearchAction","target":{"@type":"EntryPoint","urlTemplate":"https:\/\/www.msolafrica.org\/?s={search_term_string}"},"query-input":"required name=search_term_string"}],"inLanguage":"fr-FR"},{"@type":"Organization","@id":"https:\/\/www.msolafrica.org\/#organization","name":"S\u0153urs Missionaires de Notre Dame d&#039;Afrique","url":"https:\/\/www.msolafrica.org\/","logo":{"@type":"ImageObject","inLanguage":"fr-FR","@id":"https:\/\/www.msolafrica.org\/#\/schema\/logo\/image\/","url":"https:\/\/www.msolafrica.org\/wp-content\/uploads\/2021\/09\/logo_english.png","contentUrl":"https:\/\/www.msolafrica.org\/wp-content\/uploads\/2021\/09\/logo_english.png","width":3508,"height":2481,"caption":"S\u0153urs Missionaires de Notre Dame d&#039;Afrique"},"image":{"@id":"https:\/\/www.msolafrica.org\/#\/schema\/logo\/image\/"},"sameAs":["https:\/\/www.facebook.com\/missionnary.sisters"]}]}},"uagb_featured_image_src":{"full":["https:\/\/www.msolafrica.org\/wp-content\/uploads\/2022\/05\/contact-us.jpg",1280,677,false],"thumbnail":["https:\/\/www.msolafrica.org\/wp-content\/uploads\/2022\/05\/contact-us-150x150.jpg",150,150,true],"medium":["https:\/\/www.msolafrica.org\/wp-content\/uploads\/2022\/05\/contact-us-300x159.jpg",300,159,true],"medium_large":["https:\/\/www.msolafrica.org\/wp-content\/uploads\/2022\/05\/contact-us-768x406.jpg",768,406,true],"large":["https:\/\/www.msolafrica.org\/wp-content\/uploads\/2022\/05\/contact-us-1024x542.jpg",800,423,true],"1536x1536":["https:\/\/www.msolafrica.org\/wp-content\/uploads\/2022\/05\/contact-us.jpg",1280,677,false],"2048x2048":["https:\/\/www.msolafrica.org\/wp-content\/uploads\/2022\/05\/contact-us.jpg",1280,677,false]},"uagb_author_info":{"display_name":"Gosia Poplawska","author_link":"https:\/\/www.msolafrica.org\/fr\/author\/gosikpopgmail-com\/"},"uagb_comment_info":0,"uagb_excerpt":"Contacts S\u0153urs Missionnaires de Notre-Dame d&rsquo;Afrique Viale Trenta Aprile, 1500153 Roma &#8211; Italy webmaster@msolafrica.org ENTIT\u00c9 AM\u00c9RICA &#8211; EUROPE \u00a0aeleaders@msolafrica.org ENTIT\u00c9 AFRIQUE DU NORD-OUEST (NOUA) smnda.noua@gmail.com ENTIT\u00c9 AFRIQUE CENTRALE ET EST (ECA) msolaecentity@gmail.com Preview Only","_links":{"self":[{"href":"https:\/\/www.msolafrica.org\/fr\/wp-json\/wp\/v2\/pages\/9207","targetHints":{"allow":["GET"]}}],"collection":[{"href":"https:\/\/www.msolafrica.org\/fr\/wp-json\/wp\/v2\/pages"}],"about":[{"href":"https:\/\/www.msolafrica.org\/fr\/wp-json\/wp\/v2\/types\/page"}],"author":[{"embeddable":true,"href":"https:\/\/www.msolafrica.org\/fr\/wp-json\/wp\/v2\/users\/41"}],"replies":[{"embeddable":true,"href":"https:\/\/www.msolafrica.org\/fr\/wp-json\/wp\/v2\/comments?post=9207"}],"version-history":[{"count":6,"href":"https:\/\/www.msolafrica.org\/fr\/wp-json\/wp\/v2\/pages\/9207\/revisions"}],"predecessor-version":[{"id":25553,"href":"https:\/\/www.msolafrica.org\/fr\/wp-json\/wp\/v2\/pages\/9207\/revisions\/25553"}],"wp:featuredmedia":[{"embeddable":true,"href":"https:\/\/www.msolafrica.org\/fr\/wp-json\/wp\/v2\/media\/17619"}],"wp:attachment":[{"href":"https:\/\/www.msolafrica.org\/fr\/wp-json\/wp\/v2\/media?parent=9207"}],"curies":[{"name":"wp","href":"https:\/\/api.w.org\/{rel}","templated":true}]}}